{"id":54,"date":"2025-05-30T02:42:13","date_gmt":"2025-05-30T02:42:13","guid":{"rendered":"https:\/\/basic.kthemes.net\/index.php\/home\/"},"modified":"2026-05-13T14:09:22","modified_gmt":"2026-05-13T14:09:22","slug":"home","status":"publish","type":"page","link":"https:\/\/landing.ramondamassage.com\/","title":{"rendered":"Limfna drena\u017ea &#8211; Ramonda Massage"},"content":{"rendered":"<style>.kb-row-layout-id54_997db4-62 > .kt-row-column-wrap{align-content:start;}:where(.kb-row-layout-id54_997db4-62 > .kt-row-column-wrap) > .wp-block-kadence-column{justify-content:start;}.kb-row-layout-id54_997db4-62 > .kt-row-column-wrap{column-gap:var(--global-kb-gap-md, 2rem);row-gap:var(--global-kb-gap-md, 2rem);max-width:var( --global-content-width, 1290px );padding-left:var(--global-content-edge-padding);padding-right:var(--global-content-edge-padding);padding-top:var(--global-kb-spacing-3xl, 6.5rem);padding-bottom:var(--global-kb-spacing-3xl, 6.5rem);grid-template-columns:minmax(0, 1fr);}.kb-row-layout-id54_997db4-62 > .kt-row-layout-overlay{opacity:0.30;}@media all and (max-width: 1024px){.kb-row-layout-id54_997db4-62 > .kt-row-column-wrap{grid-template-columns:minmax(0, 1fr);}}@media all and (max-width: 767px){.kb-row-layout-id54_997db4-62 > .kt-row-column-wrap{grid-template-columns:minmax(0, 1fr);}}<\/style><div class=\"kb-row-layout-wrap kb-row-layout-id54_997db4-62 alignnone has-theme-palette8-background-color kt-row-has-bg wp-block-kadence-rowlayout\"><div class=\"kt-row-column-wrap kt-has-1-columns kt-row-layout-equal kt-tab-layout-inherit kt-mobile-layout-row kt-row-valign-top kb-theme-content-width\">\n<style>.kadence-column54_deef03-22 > .kt-inside-inner-col,.kadence-column54_deef03-22 > .kt-inside-inner-col:before{border-top-left-radius:0px;border-top-right-radius:0px;border-bottom-right-radius:0px;border-bottom-left-radius:0px;}.kadence-column54_deef03-22 > .kt-inside-inner-col{column-gap:var(--global-kb-gap-sm, 1rem);}.kadence-column54_deef03-22 > .kt-inside-inner-col{flex-direction:column;}.kadence-column54_deef03-22 > .kt-inside-inner-col > .aligncenter{width:100%;}.kadence-column54_deef03-22 > .kt-inside-inner-col:before{opacity:0.3;}.kadence-column54_deef03-22{position:relative;}@media all and (max-width: 1024px){.kadence-column54_deef03-22 > .kt-inside-inner-col{flex-direction:column;justify-content:center;}}@media all and (max-width: 767px){.kadence-column54_deef03-22 > .kt-inside-inner-col{flex-direction:column;justify-content:center;}}<\/style>\n<div class=\"wp-block-kadence-column kadence-column54_deef03-22\"><div class=\"kt-inside-inner-col\"><style>.wp-block-kadence-advancedheading.kt-adv-heading54_4bf615-9d, .wp-block-kadence-advancedheading.kt-adv-heading54_4bf615-9d[data-kb-block=\"kb-adv-heading54_4bf615-9d\"]{text-align:center;font-style:normal;}.wp-block-kadence-advancedheading.kt-adv-heading54_4bf615-9d mark.kt-highlight, .wp-block-kadence-advancedheading.kt-adv-heading54_4bf615-9d[data-kb-block=\"kb-adv-heading54_4bf615-9d\"] mark.kt-highlight{font-style:normal;color:#f76a0c;-webkit-box-decoration-break:clone;box-decoration-break:clone;padding-top:0px;padding-right:0px;padding-bottom:0px;padding-left:0px;}.wp-block-kadence-advancedheading.kt-adv-heading54_4bf615-9d img.kb-inline-image, .wp-block-kadence-advancedheading.kt-adv-heading54_4bf615-9d[data-kb-block=\"kb-adv-heading54_4bf615-9d\"] img.kb-inline-image{width:150px;vertical-align:baseline;}<\/style>\n<div class=\"kt-adv-heading54_4bf615-9d wp-block-kadence-advancedheading\" data-kb-block=\"kb-adv-heading54_4bf615-9d\">Online edukacija \u00b7 Limfna drena\u017ea<\/div>\n\n\n<style>.wp-block-kadence-advancedheading.kt-adv-heading54_f1cb30-5b, .wp-block-kadence-advancedheading.kt-adv-heading54_f1cb30-5b[data-kb-block=\"kb-adv-heading54_f1cb30-5b\"]{max-width:600px;margin-right:auto;margin-left:auto;margin-top:0px;text-align:center;font-size:3rem;font-style:normal;}.wp-block-kadence-advancedheading.kt-adv-heading54_f1cb30-5b mark.kt-highlight, .wp-block-kadence-advancedheading.kt-adv-heading54_f1cb30-5b[data-kb-block=\"kb-adv-heading54_f1cb30-5b\"] mark.kt-highlight{font-style:normal;color:#f76a0c;-webkit-box-decoration-break:clone;box-decoration-break:clone;padding-top:0px;padding-right:0px;padding-bottom:0px;padding-left:0px;}.wp-block-kadence-advancedheading.kt-adv-heading54_f1cb30-5b img.kb-inline-image, .wp-block-kadence-advancedheading.kt-adv-heading54_f1cb30-5b[data-kb-block=\"kb-adv-heading54_f1cb30-5b\"] img.kb-inline-image{width:150px;vertical-align:baseline;}<\/style>\n<h1 class=\"kt-adv-heading54_f1cb30-5b wp-block-kadence-advancedheading\" data-kb-block=\"kb-adv-heading54_f1cb30-5b\">Karika koja nedostaje u anticelulit tretmanima<\/h1>\n<\/div><\/div>\n\n<\/div><\/div>\n\n<style>.kb-row-layout-id54_ba7fe0-12 > .kt-row-column-wrap{align-content:start;}:where(.kb-row-layout-id54_ba7fe0-12 > .kt-row-column-wrap) > .wp-block-kadence-column{justify-content:start;}.kb-row-layout-id54_ba7fe0-12 > .kt-row-column-wrap{column-gap:var(--global-kb-gap-md, 2rem);row-gap:var(--global-kb-gap-md, 2rem);padding-top:var(--global-kb-spacing-xl, 4rem);padding-bottom:var(--global-kb-spacing-xl, 4rem);grid-template-columns:repeat(2, minmax(0, 1fr));}.kb-row-layout-id54_ba7fe0-12 > .kt-row-layout-overlay{opacity:0.30;}@media all and (max-width: 1024px){.kb-row-layout-id54_ba7fe0-12 > .kt-row-column-wrap{grid-template-columns:repeat(2, minmax(0, 1fr));}}@media all and (max-width: 767px){.kb-row-layout-id54_ba7fe0-12 > .kt-row-column-wrap{grid-template-columns:minmax(0, 1fr);}}<\/style><div class=\"kb-row-layout-wrap kb-row-layout-id54_ba7fe0-12 alignnone wp-block-kadence-rowlayout\"><div class=\"kt-row-column-wrap kt-has-2-columns kt-row-layout-equal kt-tab-layout-inherit kt-mobile-layout-row kt-row-valign-top\">\n<style>.kadence-column54_93859f-a3 > .kt-inside-inner-col,.kadence-column54_93859f-a3 > .kt-inside-inner-col:before{border-top-left-radius:0px;border-top-right-radius:0px;border-bottom-right-radius:0px;border-bottom-left-radius:0px;}.kadence-column54_93859f-a3 > .kt-inside-inner-col{column-gap:var(--global-kb-gap-sm, 1rem);}.kadence-column54_93859f-a3 > .kt-inside-inner-col{flex-direction:column;}.kadence-column54_93859f-a3 > .kt-inside-inner-col > .aligncenter{width:100%;}.kadence-column54_93859f-a3 > .kt-inside-inner-col:before{opacity:0.3;}.kadence-column54_93859f-a3{position:relative;}@media all and (max-width: 1024px){.kadence-column54_93859f-a3 > .kt-inside-inner-col{flex-direction:column;justify-content:center;}}@media all and (max-width: 767px){.kadence-column54_93859f-a3 > .kt-inside-inner-col{flex-direction:column;justify-content:center;}}<\/style>\n<div class=\"wp-block-kadence-column kadence-column54_93859f-a3\"><div class=\"kt-inside-inner-col\"><style>.wp-block-kadence-advancedheading.kt-adv-heading54_deca29-12, .wp-block-kadence-advancedheading.kt-adv-heading54_deca29-12[data-kb-block=\"kb-adv-heading54_deca29-12\"]{font-style:normal;}.wp-block-kadence-advancedheading.kt-adv-heading54_deca29-12 mark.kt-highlight, .wp-block-kadence-advancedheading.kt-adv-heading54_deca29-12[data-kb-block=\"kb-adv-heading54_deca29-12\"] mark.kt-highlight{font-style:normal;color:#f76a0c;-webkit-box-decoration-break:clone;box-decoration-break:clone;padding-top:0px;padding-right:0px;padding-bottom:0px;padding-left:0px;}.wp-block-kadence-advancedheading.kt-adv-heading54_deca29-12 img.kb-inline-image, .wp-block-kadence-advancedheading.kt-adv-heading54_deca29-12[data-kb-block=\"kb-adv-heading54_deca29-12\"] img.kb-inline-image{width:150px;vertical-align:baseline;}<\/style>\n<div class=\"kt-adv-heading54_deca29-12 wp-block-kadence-advancedheading\" data-kb-block=\"kb-adv-heading54_deca29-12\">Mnogi terapeuti rade odli\u010dne tretmane oblikovanja tela, ali bez aktivacije limfnog sistema rezultati \u010desto nisu dugotrajni.<br><br>Kada se masne naslage razbiju, toksini i vi\u0161ak te\u010dnosti moraju da se izbace iz organizma.<br><br>Ako je limfa usporena, telo zadr\u017eava otoke, vodu i obimi se brzo vra\u0107aju.<br><br>Zato je limfna drena\u017ea klju\u010d svakog ozbiljnog body shaping protokola.<br><br>\u2714\ufe0f Manje otoka<br>\u2714\ufe0f Br\u017ee oblikovanje tela<br>\u2714\ufe0f Ja\u010di anticelulit efekat<br>\u2714\ufe0f Dugotrajniji rezultati<br>\u2714\ufe0f Zadovoljniji klijenti<\/div>\n<\/div><\/div>\n\n\n<style>.kadence-column54_d4a4e3-c9 > .kt-inside-inner-col,.kadence-column54_d4a4e3-c9 > .kt-inside-inner-col:before{border-top-left-radius:0px;border-top-right-radius:0px;border-bottom-right-radius:0px;border-bottom-left-radius:0px;}.kadence-column54_d4a4e3-c9 > .kt-inside-inner-col{column-gap:var(--global-kb-gap-sm, 1rem);}.kadence-column54_d4a4e3-c9 > .kt-inside-inner-col{flex-direction:column;}.kadence-column54_d4a4e3-c9 > .kt-inside-inner-col > .aligncenter{width:100%;}.kadence-column54_d4a4e3-c9 > .kt-inside-inner-col:before{opacity:0.3;}.kadence-column54_d4a4e3-c9{position:relative;}@media all and (max-width: 1024px){.kadence-column54_d4a4e3-c9 > .kt-inside-inner-col{flex-direction:column;justify-content:center;}}@media all and (max-width: 767px){.kadence-column54_d4a4e3-c9 > .kt-inside-inner-col{flex-direction:column;justify-content:center;}}<\/style>\n<div class=\"wp-block-kadence-column kadence-column54_d4a4e3-c9\"><div class=\"kt-inside-inner-col\"><style>.kb-image54_0e9472-83 .kb-image-has-overlay:after{opacity:0.3;}<\/style>\n<figure class=\"wp-block-kadence-image kb-image54_0e9472-83\"><img alt=\"\" class=\"kb-img\"\/><\/figure>\n<\/div><\/div>\n\n<\/div><\/div>\n\n<style>.kb-row-layout-id54_873216-d4 > .kt-row-column-wrap{align-content:start;}:where(.kb-row-layout-id54_873216-d4 > .kt-row-column-wrap) > .wp-block-kadence-column{justify-content:start;}.kb-row-layout-id54_873216-d4 > .kt-row-column-wrap{column-gap:var(--global-kb-gap-md, 2rem);row-gap:var(--global-kb-gap-md, 2rem);padding-top:var(--global-kb-spacing-sm, 1.5rem);padding-bottom:var(--global-kb-spacing-sm, 1.5rem);grid-template-columns:minmax(0, 1fr);}.kb-row-layout-id54_873216-d4 > .kt-row-layout-overlay{opacity:0.30;}@media all and (max-width: 1024px){.kb-row-layout-id54_873216-d4 > .kt-row-column-wrap{grid-template-columns:minmax(0, 1fr);}}@media all and (max-width: 767px){.kb-row-layout-id54_873216-d4 > .kt-row-column-wrap{grid-template-columns:minmax(0, 1fr);}}<\/style><div class=\"kb-row-layout-wrap kb-row-layout-id54_873216-d4 alignnone has-theme-palette8-background-color kt-row-has-bg wp-block-kadence-rowlayout\"><div class=\"kt-row-column-wrap kt-has-1-columns kt-row-layout-equal kt-tab-layout-inherit kt-mobile-layout-row kt-row-valign-top\">\n<style>.kadence-column54_4b1da0-d8 > .kt-inside-inner-col,.kadence-column54_4b1da0-d8 > .kt-inside-inner-col:before{border-top-left-radius:0px;border-top-right-radius:0px;border-bottom-right-radius:0px;border-bottom-left-radius:0px;}.kadence-column54_4b1da0-d8 > .kt-inside-inner-col{column-gap:var(--global-kb-gap-sm, 1rem);}.kadence-column54_4b1da0-d8 > .kt-inside-inner-col{flex-direction:column;}.kadence-column54_4b1da0-d8 > .kt-inside-inner-col > .aligncenter{width:100%;}.kadence-column54_4b1da0-d8 > .kt-inside-inner-col:before{opacity:0.3;}.kadence-column54_4b1da0-d8{position:relative;}@media all and (max-width: 1024px){.kadence-column54_4b1da0-d8 > .kt-inside-inner-col{flex-direction:column;justify-content:center;}}@media all and (max-width: 767px){.kadence-column54_4b1da0-d8 > .kt-inside-inner-col{flex-direction:column;justify-content:center;}}<\/style>\n<div class=\"wp-block-kadence-column kadence-column54_4b1da0-d8\"><div class=\"kt-inside-inner-col\"><style>.wp-block-kadence-advancedheading.kt-adv-heading54_0b855a-74, .wp-block-kadence-advancedheading.kt-adv-heading54_0b855a-74[data-kb-block=\"kb-adv-heading54_0b855a-74\"]{text-align:center;font-style:normal;}.wp-block-kadence-advancedheading.kt-adv-heading54_0b855a-74 mark.kt-highlight, .wp-block-kadence-advancedheading.kt-adv-heading54_0b855a-74[data-kb-block=\"kb-adv-heading54_0b855a-74\"] mark.kt-highlight{font-style:normal;color:#f76a0c;-webkit-box-decoration-break:clone;box-decoration-break:clone;padding-top:0px;padding-right:0px;padding-bottom:0px;padding-left:0px;}.wp-block-kadence-advancedheading.kt-adv-heading54_0b855a-74 img.kb-inline-image, .wp-block-kadence-advancedheading.kt-adv-heading54_0b855a-74[data-kb-block=\"kb-adv-heading54_0b855a-74\"] img.kb-inline-image{width:150px;vertical-align:baseline;}<\/style>\n<h2 class=\"kt-adv-heading54_0b855a-74 wp-block-kadence-advancedheading\" data-kb-block=\"kb-adv-heading54_0b855a-74\">\ud83c\udf93 ONLINE EDUKACIJA \u2014 LIMFNA DRENA\u017dA<\/h2>\n\n\n<style>.kb-row-layout-id54_9fc07f-67 > .kt-row-column-wrap{align-content:start;}:where(.kb-row-layout-id54_9fc07f-67 > .kt-row-column-wrap) > .wp-block-kadence-column{justify-content:start;}.kb-row-layout-id54_9fc07f-67 > .kt-row-column-wrap{column-gap:var(--global-kb-gap-md, 2rem);row-gap:var(--global-kb-gap-md, 2rem);padding-top:var(--global-kb-spacing-sm, 1.5rem);padding-bottom:var(--global-kb-spacing-sm, 1.5rem);grid-template-columns:repeat(2, minmax(0, 1fr));}.kb-row-layout-id54_9fc07f-67 > .kt-row-layout-overlay{opacity:0.30;}@media all and (max-width: 1024px){.kb-row-layout-id54_9fc07f-67 > .kt-row-column-wrap{grid-template-columns:repeat(2, minmax(0, 1fr));}}@media all and (max-width: 767px){.kb-row-layout-id54_9fc07f-67 > .kt-row-column-wrap{grid-template-columns:minmax(0, 1fr);}}<\/style><div class=\"kb-row-layout-wrap kb-row-layout-id54_9fc07f-67 alignnone wp-block-kadence-rowlayout\"><div class=\"kt-row-column-wrap kt-has-2-columns kt-row-layout-equal kt-tab-layout-inherit kt-mobile-layout-row kt-row-valign-top\">\n<style>.kadence-column54_1f6282-3d > .kt-inside-inner-col,.kadence-column54_1f6282-3d > .kt-inside-inner-col:before{border-top-left-radius:0px;border-top-right-radius:0px;border-bottom-right-radius:0px;border-bottom-left-radius:0px;}.kadence-column54_1f6282-3d > .kt-inside-inner-col{column-gap:var(--global-kb-gap-sm, 1rem);}.kadence-column54_1f6282-3d > .kt-inside-inner-col{flex-direction:column;}.kadence-column54_1f6282-3d > .kt-inside-inner-col > .aligncenter{width:100%;}.kadence-column54_1f6282-3d > .kt-inside-inner-col:before{opacity:0.3;}.kadence-column54_1f6282-3d{position:relative;}@media all and (max-width: 1024px){.kadence-column54_1f6282-3d > .kt-inside-inner-col{flex-direction:column;justify-content:center;}}@media all and (max-width: 767px){.kadence-column54_1f6282-3d > .kt-inside-inner-col{flex-direction:column;justify-content:center;}}<\/style>\n<div class=\"wp-block-kadence-column kadence-column54_1f6282-3d\"><div class=\"kt-inside-inner-col\">\n<p>Nau\u010di\u0107ete:<\/p>\n\n\n\n<ul class=\"wp-block-list\">\n<li>\u2728 Kako funkcioni\u0161e limfni sistem<\/li>\n\n\n\n<li>\u2728 Gde se nalaze glavni limfni \u010dvorovi<\/li>\n\n\n\n<li>\u2728 Pravilne smerove i tehniku rada<\/li>\n\n\n\n<li>\u2728 Intenzitet pritiska bez o\u0161te\u0107enja kapilara<\/li>\n\n\n\n<li>\u2728 Kako da limfnu drena\u017eu pretvorite u premium tretman<\/li>\n<\/ul>\n\n\n\n<p>Sve je obja\u0161njeno jednostavno, jasno i prakti\u010dno \u2014 da odmah mo\u017eete primeniti u svom salonu.<\/p>\n<\/div><\/div>\n\n\n<style>.kadence-column54_6e2bf2-f2 > .kt-inside-inner-col,.kadence-column54_6e2bf2-f2 > .kt-inside-inner-col:before{border-top-left-radius:0px;border-top-right-radius:0px;border-bottom-right-radius:0px;border-bottom-left-radius:0px;}.kadence-column54_6e2bf2-f2 > .kt-inside-inner-col{column-gap:var(--global-kb-gap-sm, 1rem);}.kadence-column54_6e2bf2-f2 > .kt-inside-inner-col{flex-direction:column;}.kadence-column54_6e2bf2-f2 > .kt-inside-inner-col > .aligncenter{width:100%;}.kadence-column54_6e2bf2-f2 > .kt-inside-inner-col:before{opacity:0.3;}.kadence-column54_6e2bf2-f2{position:relative;}@media all and (max-width: 1024px){.kadence-column54_6e2bf2-f2 > .kt-inside-inner-col{flex-direction:column;justify-content:center;}}@media all and (max-width: 767px){.kadence-column54_6e2bf2-f2 > .kt-inside-inner-col{flex-direction:column;justify-content:center;}}<\/style>\n<div class=\"wp-block-kadence-column kadence-column54_6e2bf2-f2\"><div class=\"kt-inside-inner-col\"><\/div><\/div>\n\n<\/div><\/div><\/div><\/div>\n\n<\/div><\/div>\n\n<style>.kb-row-layout-id54_8e1e99-31 > .kt-row-column-wrap{align-content:start;}:where(.kb-row-layout-id54_8e1e99-31 > .kt-row-column-wrap) > .wp-block-kadence-column{justify-content:start;}.kb-row-layout-id54_8e1e99-31 > .kt-row-column-wrap{column-gap:var(--global-kb-gap-md, 2rem);row-gap:var(--global-kb-gap-md, 2rem);padding-top:var(--global-kb-spacing-xl, 4rem);padding-bottom:var(--global-kb-spacing-xl, 4rem);grid-template-columns:repeat(2, minmax(0, 1fr));}.kb-row-layout-id54_8e1e99-31 > .kt-row-layout-overlay{opacity:0.30;}@media all and (max-width: 1024px){.kb-row-layout-id54_8e1e99-31 > .kt-row-column-wrap{grid-template-columns:repeat(2, minmax(0, 1fr));}}@media all and (max-width: 767px){.kb-row-layout-id54_8e1e99-31 > .kt-row-column-wrap{grid-template-columns:minmax(0, 1fr);}}<\/style><div class=\"kb-row-layout-wrap kb-row-layout-id54_8e1e99-31 alignnone wp-block-kadence-rowlayout\"><div class=\"kt-row-column-wrap kt-has-2-columns kt-row-layout-equal kt-tab-layout-inherit kt-mobile-layout-row kt-row-valign-top\">\n<style>.kadence-column54_eff5bc-b6 > .kt-inside-inner-col,.kadence-column54_eff5bc-b6 > .kt-inside-inner-col:before{border-top-left-radius:0px;border-top-right-radius:0px;border-bottom-right-radius:0px;border-bottom-left-radius:0px;}.kadence-column54_eff5bc-b6 > .kt-inside-inner-col{column-gap:var(--global-kb-gap-sm, 1rem);}.kadence-column54_eff5bc-b6 > .kt-inside-inner-col{flex-direction:column;}.kadence-column54_eff5bc-b6 > .kt-inside-inner-col > .aligncenter{width:100%;}.kadence-column54_eff5bc-b6 > .kt-inside-inner-col:before{opacity:0.3;}.kadence-column54_eff5bc-b6{position:relative;}@media all and (max-width: 1024px){.kadence-column54_eff5bc-b6 > .kt-inside-inner-col{flex-direction:column;justify-content:center;}}@media all and (max-width: 767px){.kadence-column54_eff5bc-b6 > .kt-inside-inner-col{flex-direction:column;justify-content:center;}}<\/style>\n<div class=\"wp-block-kadence-column kadence-column54_eff5bc-b6\"><div class=\"kt-inside-inner-col\">\n<p>Edukator \u2014 Lidija Jankovi\u0107<\/p>\n\n\n\n<ul class=\"wp-block-list\">\n<li>\ud83c\udfc6 Svetski sudija u oblasti masa\u017ee<\/li>\n\n\n\n<li>\ud83e\udd47 Zlatna medalja u masa\u017ei lica<\/li>\n\n\n\n<li>\ud83e\udd49 Kreator \u201ePrve srpske tradicionalne masa\u017ee\u201c<\/li>\n\n\n\n<li>\ud83d\udcd6 Autor knjige \u201e58 tehnika disanja\u201c<\/li>\n\n\n\n<li>\ud83c\udf00 Kreator metode \u201eYoYo XLJ\u201c<\/li>\n<\/ul>\n<\/div><\/div>\n\n\n<style>.kadence-column54_48a5b3-6a > .kt-inside-inner-col,.kadence-column54_48a5b3-6a > .kt-inside-inner-col:before{border-top-left-radius:0px;border-top-right-radius:0px;border-bottom-right-radius:0px;border-bottom-left-radius:0px;}.kadence-column54_48a5b3-6a > .kt-inside-inner-col{column-gap:var(--global-kb-gap-sm, 1rem);}.kadence-column54_48a5b3-6a > .kt-inside-inner-col{flex-direction:column;}.kadence-column54_48a5b3-6a > .kt-inside-inner-col > .aligncenter{width:100%;}.kadence-column54_48a5b3-6a > .kt-inside-inner-col:before{opacity:0.3;}.kadence-column54_48a5b3-6a{position:relative;}@media all and (max-width: 1024px){.kadence-column54_48a5b3-6a > .kt-inside-inner-col{flex-direction:column;justify-content:center;}}@media all and (max-width: 767px){.kadence-column54_48a5b3-6a > .kt-inside-inner-col{flex-direction:column;justify-content:center;}}<\/style>\n<div class=\"wp-block-kadence-column kadence-column54_48a5b3-6a\"><div class=\"kt-inside-inner-col\"><style>.kb-image54_231db7-8e .kb-image-has-overlay:after{opacity:0.3;}<\/style>\n<figure class=\"wp-block-kadence-image kb-image54_231db7-8e\"><img alt=\"\" class=\"kb-img\"\/><\/figure>\n<\/div><\/div>\n\n<\/div><\/div>\n\n<style>.kb-row-layout-id54_87e298-7b > .kt-row-column-wrap{align-content:start;}:where(.kb-row-layout-id54_87e298-7b > .kt-row-column-wrap) > .wp-block-kadence-column{justify-content:start;}.kb-row-layout-id54_87e298-7b > .kt-row-column-wrap{column-gap:var(--global-kb-gap-md, 2rem);row-gap:var(--global-kb-gap-md, 2rem);padding-top:var(--global-kb-spacing-sm, 1.5rem);padding-bottom:var(--global-kb-spacing-sm, 1.5rem);grid-template-columns:repeat(2, minmax(0, 1fr));}.kb-row-layout-id54_87e298-7b > .kt-row-layout-overlay{opacity:0.30;}@media all and (max-width: 1024px){.kb-row-layout-id54_87e298-7b > .kt-row-column-wrap{grid-template-columns:repeat(2, minmax(0, 1fr));}}@media all and (max-width: 767px){.kb-row-layout-id54_87e298-7b > .kt-row-column-wrap{grid-template-columns:minmax(0, 1fr);}}<\/style><div class=\"kb-row-layout-wrap kb-row-layout-id54_87e298-7b alignnone wp-block-kadence-rowlayout\"><div class=\"kt-row-column-wrap kt-has-2-columns kt-row-layout-equal kt-tab-layout-inherit kt-mobile-layout-row kt-row-valign-top\">\n\n<div class=\"wp-block-kadence-column\"><div class=\"kt-inside-inner-col\"><\/div><\/div>\n\n\n\n<div class=\"wp-block-kadence-column\"><div class=\"kt-inside-inner-col\"><\/div><\/div>\n\n<\/div><\/div>","protected":false},"excerpt":{"rendered":"<p>Online edukacija \u00b7 Limfna drena\u017ea Karika koja nedostaje u anticelulit tretmanima Mnogi terapeuti rade odli\u010dne tretmane oblikovanja tela, ali bez aktivacije limfnog sistema rezultati \u010desto nisu dugotrajni. Kada se masne naslage razbiju, toksini i vi\u0161ak te\u010dnosti moraju da se izbace iz organizma. Ako je limfa usporena, telo zadr\u017eava otoke, vodu i obimi se brzo vra\u0107aju&#8230;.<\/p>\n","protected":false},"author":1,"featured_media":0,"parent":0,"menu_order":0,"comment_status":"closed","ping_status":"closed","template":"","meta":{"_kad_blocks_custom_css":"","_kad_blocks_head_custom_js":"","_kad_blocks_body_custom_js":"","_kad_blocks_footer_custom_js":"","_kad_post_transparent":"disable","_kad_post_title":"hide","_kad_post_layout":"fullwidth","_kad_post_sidebar_id":"","_kad_post_content_style":"unboxed","_kad_post_vertical_padding":"hide","_kad_post_feature":"hide","_kad_post_feature_position":"","_kad_post_header":true,"_kad_post_footer":true,"_kad_post_classname":"","footnotes":""},"class_list":["post-54","page","type-page","status-publish","hentry"],"taxonomy_info":[],"featured_image_src_large":false,"author_info":{"display_name":"admin","author_link":"https:\/\/landing.ramondamassage.com\/index.php\/author\/38687a5e6fb438e3\/"},"comment_info":0,"_links":{"self":[{"href":"https:\/\/landing.ramondamassage.com\/index.php\/wp-json\/wp\/v2\/pages\/54","targetHints":{"allow":["GET"]}}],"collection":[{"href":"https:\/\/landing.ramondamassage.com\/index.php\/wp-json\/wp\/v2\/pages"}],"about":[{"href":"https:\/\/landing.ramondamassage.com\/index.php\/wp-json\/wp\/v2\/types\/page"}],"author":[{"embeddable":true,"href":"https:\/\/landing.ramondamassage.com\/index.php\/wp-json\/wp\/v2\/users\/1"}],"replies":[{"embeddable":true,"href":"https:\/\/landing.ramondamassage.com\/index.php\/wp-json\/wp\/v2\/comments?post=54"}],"version-history":[{"count":4,"href":"https:\/\/landing.ramondamassage.com\/index.php\/wp-json\/wp\/v2\/pages\/54\/revisions"}],"predecessor-version":[{"id":350,"href":"https:\/\/landing.ramondamassage.com\/index.php\/wp-json\/wp\/v2\/pages\/54\/revisions\/350"}],"wp:attachment":[{"href":"https:\/\/landing.ramondamassage.com\/index.php\/wp-json\/wp\/v2\/media?parent=54"}],"curies":[{"name":"wp","href":"https:\/\/api.w.org\/{rel}","templated":true}]}}